{"id":448,"date":"2017-02-23T23:01:01","date_gmt":"2017-02-23T22:01:01","guid":{"rendered":"http:\/\/www.innerserveis.com\/serveis\/altres-serveis\/"},"modified":"2017-03-03T09:00:44","modified_gmt":"2017-03-03T08:00:44","slug":"otros-servicios","status":"publish","type":"page","link":"https:\/\/www.innerserveis.com\/es\/servicios\/otros-servicios\/","title":{"rendered":"Otros servicios"},"content":{"rendered":"<style type=\"text\/css\"> \n#cmsmasters_row_69e8ded4108d72_41213622 .cmsmasters_row_outer_parent { \n\tpadding-top: 0px; \n} \n\n#cmsmasters_row_69e8ded4108d72_41213622 .cmsmasters_row_outer_parent { \n\tpadding-bottom: 20px; \n} \n\n \n#cmsmasters_divider_69e8ded4111c32_30123664 { \n\tborder-bottom-width:0px; \n\tborder-bottom-style:solid; \n\tpadding-top:20px; \n\tmargin-bottom:5px; \n} \n \n#cmsmasters_divider_69e8ded4112e31_69023074 { \n\tborder-bottom-width:1px; \n\tborder-bottom-style:ridge; \n\tpadding-top:10px; \n\tmargin-bottom:0px; \n\tborder-bottom-color:rgba(149,149,149,0.15);\n} \n \n#cmsmasters_divider_69e8ded4123034_48755013 { \n\tborder-bottom-width:0px; \n\tborder-bottom-style:solid; \n\tpadding-top:20px; \n\tmargin-bottom:5px; \n} \n \n#cmsmasters_divider_69e8ded4124551_14374155 { \n\tborder-bottom-width:1px; \n\tborder-bottom-style:ridge; \n\tpadding-top:10px; \n\tmargin-bottom:0px; \n\tborder-bottom-color:rgba(149,149,149,0.15);\n} \n \n#cmsmasters_divider_69e8ded412bac9_06995259 { \n\tborder-bottom-width:0px; \n\tborder-bottom-style:solid; \n\tpadding-top:20px; \n\tmargin-bottom:5px; \n} \n \n#cmsmasters_divider_69e8ded412cc44_48357271 { \n\tborder-bottom-width:1px; \n\tborder-bottom-style:ridge; \n\tpadding-top:10px; \n\tmargin-bottom:0px; \n\tborder-bottom-color:rgba(149,149,149,0.15);\n} \n \n#cmsmasters_row_69e8ded412d5a9_94546977 .cmsmasters_row_outer_parent { \n\tpadding-top: 0px; \n} \n\n#cmsmasters_row_69e8ded412d5a9_94546977 .cmsmasters_row_outer_parent { \n\tpadding-bottom: 50px; \n} \n\n \n#cmsmasters_divider_69e8ded4133ae4_80785922 { \n\tborder-bottom-width:0px; \n\tborder-bottom-style:solid; \n\tpadding-top:20px; \n\tmargin-bottom:5px; \n} \n \n#cmsmasters_divider_69e8ded4134f27_49731702 { \n\tborder-bottom-width:1px; \n\tborder-bottom-style:ridge; \n\tpadding-top:10px; \n\tmargin-bottom:0px; \n\tborder-bottom-color:rgba(149,149,149,0.15);\n} \n \n#cmsmasters_divider_69e8ded413b535_35619771 { \n\tborder-bottom-width:0px; \n\tborder-bottom-style:solid; \n\tpadding-top:20px; \n\tmargin-bottom:5px; \n} \n \n#cmsmasters_divider_69e8ded413cd98_34509434 { \n\tborder-bottom-width:1px; \n\tborder-bottom-style:ridge; \n\tpadding-top:10px; \n\tmargin-bottom:0px; \n\tborder-bottom-color:rgba(149,149,149,0.15);\n} \n \n#cmsmasters_divider_69e8ded41437a6_90860924 { \n\tborder-bottom-width:0px; \n\tborder-bottom-style:solid; \n\tpadding-top:20px; \n\tmargin-bottom:5px; \n} \n \n#cmsmasters_divider_69e8ded4144ea6_05097596 { \n\tborder-bottom-width:1px; \n\tborder-bottom-style:ridge; \n\tpadding-top:10px; \n\tmargin-bottom:0px; \n\tborder-bottom-color:rgba(149,149,149,0.15);\n} \n \n#cmsmasters_divider_69e8ded4149d60_30537422 { \n\tborder-bottom-width:1px; \n\tborder-bottom-style:ridge; \n\tpadding-top:10px; \n\tmargin-bottom:0px; \n\tborder-bottom-color:rgba(149,149,149,0.15);\n} \n \n#cmsmasters_row_69e8ded414abd1_77304034 { \n\tbackground-color:#007dac;\n} \n\n#cmsmasters_row_69e8ded414abd1_77304034 .cmsmasters_row_outer_parent { \n\tpadding-top: 0px; \n} \n\n#cmsmasters_row_69e8ded414abd1_77304034 .cmsmasters_row_outer_parent { \n\tpadding-bottom: 20px; \n} \n\n#cmsmasters_row_69e8ded414abd1_77304034 .cmsmasters_row_inner.cmsmasters_row_fullwidth { \n\tpadding-left:3%; \n} \n#cmsmasters_row_69e8ded414abd1_77304034 .cmsmasters_row_inner.cmsmasters_row_fullwidth { \n\tpadding-right:3%; \n} \n\n#cmsmasters_button_69e8ded414e511_68912346 { \n\ttext-align:center; \n} \n\n#cmsmasters_button_69e8ded414e511_68912346 .cmsmasters_button:before { \n\tmargin-right:.5em; \n\tmargin-left:0; \n\tvertical-align:baseline; \n} \n\n#cmsmasters_button_69e8ded414e511_68912346 .cmsmasters_button { \n\tfont-size:21px; \n\tline-height:50px; \n\tfont-weight:400; \n\tfont-style:normal; \n\tpadding-right:35px; \n\tpadding-left:35px; \n\tborder-style:solid; \n\t-webkit-border-radius:5px; \n\tborder-radius:5px; \n\tbackground-color:rgba(255,255,255,0);\n\tcolor:#ffffff;\n\tborder-color:#ffffff;\n} \n#cmsmasters_button_69e8ded414e511_68912346 .cmsmasters_button:hover { \n\tbackground-color:rgba(255,255,255,0.16);\n\tcolor:#ffffff;\n} \n \n#cmsmasters_row_69e8ded414f492_64722275 { \n\tbackground-image: url(https:\/\/www.innerserveis.com\/wp-content\/uploads\/2017\/02\/fons-home.png); \n\tbackground-position: top center; \n\tbackground-repeat: no-repeat; \n\tbackground-attachment: scroll; \n\tbackground-size: cover; \n} \n\n#cmsmasters_row_69e8ded414f492_64722275 .cmsmasters_row_outer_parent { \n\tpadding-top: 0px; \n} \n\n#cmsmasters_row_69e8ded414f492_64722275 .cmsmasters_row_outer_parent { \n\tpadding-bottom: 40px; \n} \n\n \n#cmsmasters_divider_69e8ded41598d9_84312663 { \n\tborder-bottom-width:0px; \n\tborder-bottom-style:solid; \n\tpadding-top:10px; \n\tmargin-bottom:5px; \n} \n \n#cmsmasters_heading_69e8ded415a7b3_30162430 { \n\ttext-align:center; \n\tmargin-top:0px; \n\tmargin-bottom:10px; \n} \n\n#cmsmasters_heading_69e8ded415a7b3_30162430 .cmsmasters_heading { \n\ttext-align:center; \n} \n\n#cmsmasters_heading_69e8ded415a7b3_30162430 .cmsmasters_heading, #cmsmasters_heading_69e8ded415a7b3_30162430 .cmsmasters_heading a { \n\tfont-weight:normal; \n\tfont-style:normal; \n} \n\n#cmsmasters_heading_69e8ded415a7b3_30162430 .cmsmasters_heading_divider { \n} \n\n\n#cmsmasters_button_69e8ded415b752_08788456 { \n\ttext-align:center; \n} \n\n#cmsmasters_button_69e8ded415b752_08788456 .cmsmasters_button:before { \n\tmargin-right:.5em; \n\tmargin-left:0; \n\tvertical-align:baseline; \n} \n\n#cmsmasters_button_69e8ded415b752_08788456 .cmsmasters_button { \n\tfont-weight:normal; \n\tfont-style:normal; \n\tborder-style:solid; \n} \n#cmsmasters_button_69e8ded415b752_08788456 .cmsmasters_button:hover { \n} \n \n#cmsmasters_divider_69e8ded4162320_84139426 { \n\tborder-bottom-width:0px; \n\tborder-bottom-style:solid; \n\tpadding-top:10px; \n\tmargin-bottom:5px; \n} \n \n#cmsmasters_heading_69e8ded4162ff0_64799957 { \n\ttext-align:center; \n\tmargin-top:0px; \n\tmargin-bottom:10px; \n} \n\n#cmsmasters_heading_69e8ded4162ff0_64799957 .cmsmasters_heading { \n\ttext-align:center; \n} \n\n#cmsmasters_heading_69e8ded4162ff0_64799957 .cmsmasters_heading, #cmsmasters_heading_69e8ded4162ff0_64799957 .cmsmasters_heading a { \n\tfont-weight:normal; \n\tfont-style:normal; \n} \n\n#cmsmasters_heading_69e8ded4162ff0_64799957 .cmsmasters_heading_divider { \n} \n\n\n#cmsmasters_button_69e8ded4163df2_31163252 { \n\ttext-align:center; \n} \n\n#cmsmasters_button_69e8ded4163df2_31163252 .cmsmasters_button:before { \n\tmargin-right:.5em; \n\tmargin-left:0; \n\tvertical-align:baseline; \n} \n\n#cmsmasters_button_69e8ded4163df2_31163252 .cmsmasters_button { \n\tfont-weight:normal; \n\tfont-style:normal; \n\tborder-style:solid; \n} \n#cmsmasters_button_69e8ded4163df2_31163252 .cmsmasters_button:hover { \n} \n \n#cmsmasters_divider_69e8ded4168db4_91167153 { \n\tborder-bottom-width:0px; \n\tborder-bottom-style:solid; \n\tpadding-top:10px; \n\tmargin-bottom:5px; \n} \n \n#cmsmasters_heading_69e8ded4169943_53669955 { \n\ttext-align:center; \n\tmargin-top:0px; \n\tmargin-bottom:10px; \n} \n\n#cmsmasters_heading_69e8ded4169943_53669955 .cmsmasters_heading { \n\ttext-align:center; \n} \n\n#cmsmasters_heading_69e8ded4169943_53669955 .cmsmasters_heading, #cmsmasters_heading_69e8ded4169943_53669955 .cmsmasters_heading a { \n\tfont-weight:normal; \n\tfont-style:normal; \n} \n\n#cmsmasters_heading_69e8ded4169943_53669955 .cmsmasters_heading_divider { \n} \n\n\n#cmsmasters_button_69e8ded416a5e6_95312737 { \n\ttext-align:center; \n} \n\n#cmsmasters_button_69e8ded416a5e6_95312737 .cmsmasters_button:before { \n\tmargin-right:.5em; \n\tmargin-left:0; \n\tvertical-align:baseline; \n} \n\n#cmsmasters_button_69e8ded416a5e6_95312737 .cmsmasters_button { \n\tfont-weight:normal; \n\tfont-style:normal; \n\tborder-style:solid; \n} \n#cmsmasters_button_69e8ded416a5e6_95312737 .cmsmasters_button:hover { \n} \n<\/style><div id=\"cmsmasters_row_69e8ded4108d72_41213622\" class=\"cmsmasters_row cmsmasters_color_scheme_default cmsmasters_row_top_default cmsmasters_row_bot_default cmsmasters_row_boxed\">\n<div id=\"altres-serveis-01\" class=\"cmsmasters_row_outer_parent\">\n<div class=\"cmsmasters_row_outer\">\n<div class=\"cmsmasters_row_inner\">\n<div class=\"cmsmasters_row_margin\">\n<div class=\"cmsmasters_column one_third un\">\n<div class=\"cmsmasters_text\">\n<h3 style=\"text-align: left;\">Apartamentos tur\u00edsticos<\/h3>\n<\/div>\n<div class=\"aligncenter\">\n<div class=\"cmsmasters_img  cmsmasters_image_c img-serveis\">\n<img decoding=\"async\" src=\"https:\/\/www.innerserveis.com\/wp-content\/uploads\/2017\/02\/apartaments-turistics.jpg\" alt=\"Apartaments Tur\u00edstics - Inner Serveis\" \/>\n<\/div>\n<\/div>\n\n<div id=\"cmsmasters_divider_69e8ded4111c32_30123664\" class=\"cl\"><\/div><div class=\"cmsmasters_text\">\n<p style=\"text-align: justify;\">Tanto si es un apartamento de propiedad que solo utilizais durante las vacaciones, como si se trata de un apartamento tur\u00edstico de alquiler, <strong>podemos efectuar la limpieza previa\u00a0a la entrada, o a la salida de los hu\u00e9spedes que se alojen<\/strong>. De igual forma podemos realizar\u00a0la limpieza si la estancia es de varios\u00a0d\u00edas y se requiere un mantenimiento durante las vacaciones.<\/p>\n<\/div>\n\n<div id=\"cmsmasters_divider_69e8ded4112e31_69023074\" class=\"cmsmasters_divider cmsmasters_divider_width_long cmsmasters_divider_pos_center\"><\/div>\n<\/div>\n<div class=\"cmsmasters_column one_third dos\">\n<div class=\"cmsmasters_text\">\n<h3 style=\"text-align: left;\">Limpiezas Puntuales<\/h3>\n<\/div>\n<div class=\"aligncenter\">\n<div class=\"cmsmasters_img  cmsmasters_image_c img-serveis\">\n<img decoding=\"async\" src=\"https:\/\/www.innerserveis.com\/wp-content\/uploads\/2017\/02\/netejes-puntuals.jpg\" \/>\n<\/div>\n<\/div>\n\n<div id=\"cmsmasters_divider_69e8ded4123034_48755013\" class=\"cl\"><\/div><div class=\"cmsmasters_text\">\n<p style=\"text-align: justify;\">Si lo que necesitas es <strong>poner al d\u00eda la limpieza de un espacio concreto<\/strong>, un t\u00e9cnico se desplazar\u00e1 hasta all\u00ed\u00a0para hacer una valoraci\u00f3n de los trabajos a realizar, y presentar as\u00ed la\u00a0soluci\u00f3n m\u00e1s ventajosa.<\/p>\n<\/div>\n\n<div id=\"cmsmasters_divider_69e8ded4124551_14374155\" class=\"cmsmasters_divider cmsmasters_divider_width_long cmsmasters_divider_pos_center\"><\/div>\n<\/div>\n<div class=\"cmsmasters_column one_third tres\">\n<div class=\"cmsmasters_text\">\n<h3 style=\"text-align: left;\">Limpiezas a medida de inicio y final de alquiler<\/h3>\n<\/div>\n<div class=\"aligncenter\">\n<div class=\"cmsmasters_img  cmsmasters_image_c img-serveis\">\n<img decoding=\"async\" src=\"https:\/\/www.innerserveis.com\/wp-content\/uploads\/2017\/02\/netejes-a-mida.jpg\" alt=\"Neteges a mida d\u2019inici i finalitzaci\u00f3 de lloguer - Inner Serveis\" \/>\n<\/div>\n<\/div>\n\n<div id=\"cmsmasters_divider_69e8ded412bac9_06995259\" class=\"cl\"><\/div><div class=\"cmsmasters_text\">\n<p style=\"text-align: justify;\"><strong>La limpieza a medida significa que la duraci\u00f3n de esta limpieza ser\u00e1 la que el cliente determine<\/strong>. Ajustando la actuaci\u00f3n al presupuesto que se le quiera destinar. Se priorizan los espacios con m\u00e1s necesidad de limpieza, bajo las indicaciones establecidas por el cliente o recomendados por nuestro personal cualificado.<\/p>\n<\/div>\n\n<div id=\"cmsmasters_divider_69e8ded412cc44_48357271\" class=\"cmsmasters_divider cmsmasters_divider_width_long cmsmasters_divider_pos_center\"><\/div>\n<\/div>\n<\/div>\n<\/div>\n<\/div>\n<\/div>\n<\/div>\n<div id=\"cmsmasters_row_69e8ded412d5a9_94546977\" class=\"cmsmasters_row cmsmasters_color_scheme_default cmsmasters_row_top_default cmsmasters_row_bot_default cmsmasters_row_boxed\">\n<div id=\"altres-serveis-02\" class=\"cmsmasters_row_outer_parent\">\n<div class=\"cmsmasters_row_outer\">\n<div class=\"cmsmasters_row_inner\">\n<div class=\"cmsmasters_row_margin\">\n<div class=\"cmsmasters_column one_third un\">\n<div class=\"cmsmasters_text\">\n<h3 style=\"text-align: left;\">Limpiezas de Final de Obra<\/h3>\n<\/div>\n<div class=\"aligncenter\">\n<div class=\"cmsmasters_img  cmsmasters_image_c img-serveis\">\n<img decoding=\"async\" src=\"https:\/\/www.innerserveis.com\/wp-content\/uploads\/2017\/02\/puntuals.jpg\" alt=\"Neteges Puntuals - Inner Serveis\" \/>\n<\/div>\n<\/div>\n\n<div id=\"cmsmasters_divider_69e8ded4133ae4_80785922\" class=\"cl\"><\/div><div class=\"cmsmasters_text\">\n<p style=\"text-align: justify;\">Terminadas las obras hace falta, casi siempre, una limpieza a fondo para eliminar la suciedad, polvo y restos de materiales que hayan podido quedar. Elaboraremos un presupuesto a medida despu\u00e9s de una visita personalizada, garantizando la m\u00e1xima satisfacci\u00f3n del cliente.<\/p>\n<\/div>\n\n<div id=\"cmsmasters_divider_69e8ded4134f27_49731702\" class=\"cmsmasters_divider cmsmasters_divider_width_long cmsmasters_divider_pos_center\"><\/div>\n<\/div>\n<div class=\"cmsmasters_column one_third dos\">\n<div class=\"cmsmasters_text\">\n<h3 style=\"text-align: left;\">Limpieza de Cristales<\/h3>\n<\/div>\n<div class=\"aligncenter\">\n<div class=\"cmsmasters_img  cmsmasters_image_c img-serveis\">\n<img decoding=\"async\" src=\"https:\/\/www.innerserveis.com\/wp-content\/uploads\/2017\/02\/vidres.png\" \/>\n<\/div>\n<\/div>\n\n<div id=\"cmsmasters_divider_69e8ded413b535_35619771\" class=\"cl\"><\/div><div class=\"cmsmasters_text\">\n<p style=\"text-align: justify;\">El estado de <strong>limpieza de los cristales<\/strong> -y principalmente los de fachada- son uno de los primeros elementos que se ven en un local comercial, bajos de un edificio, u oficina. La impresi\u00f3n que causa un determinado espacio se ve bastante ligada al estado en que estos cristales se encuentran. Su limpieza, en la mayor\u00eda de los casos, es f\u00e1cil y garantiza un cambio radical del aspecto exterior.<\/p>\n<\/div>\n\n<div id=\"cmsmasters_divider_69e8ded413cd98_34509434\" class=\"cmsmasters_divider cmsmasters_divider_width_long cmsmasters_divider_pos_center\"><\/div>\n<\/div>\n<div class=\"cmsmasters_column one_third tres\">\n<div class=\"cmsmasters_text\">\n<h3 style=\"text-align: left;\">Tratamiento de\u00a0suelos<\/h3>\n<\/div>\n<div class=\"aligncenter\">\n<div class=\"cmsmasters_img  cmsmasters_image_c img-serveis\">\n<img decoding=\"async\" src=\"https:\/\/www.innerserveis.com\/wp-content\/uploads\/2017\/02\/tractament-terres.jpg\" alt=\"Tractament de terres - Inner Serveis\" \/>\n<\/div>\n<\/div>\n\n<div id=\"cmsmasters_divider_69e8ded41437a6_90860924\" class=\"cl\"><\/div><div class=\"cmsmasters_text\">\n<p style=\"text-align: justify;\"><strong>Con el paso del tiempo, muchos pavimentos sufren desgaste, se deterioran<\/strong>, se manchan\u00a0o simplemente se incrusta la suciedad en sus poros o superficie. En funci\u00f3n de cada material es m\u00e1s o menos factible recuperar el estado inicial que presentaba el suelo. Despu\u00e9s de la pertinente valoraci\u00f3n aconsejamos un tratamiento u otro, para conseguir que vuelva a estar reluciente.<\/p>\n<\/div>\n\n<div id=\"cmsmasters_divider_69e8ded4144ea6_05097596\" class=\"cmsmasters_divider cmsmasters_divider_width_long cmsmasters_divider_pos_center\"><\/div><div class=\"cmsmasters_text\">\n<p>&nbsp;<\/p>\n<\/div>\n<div class=\"cmsmasters_text\">\n<p>&nbsp;<\/p>\n<\/div>\n<div class=\"cmsmasters_text\">\n<p>&nbsp;<\/p>\n<\/div>\n<div class=\"cmsmasters_text\">\n<p>&nbsp;<\/p>\n<\/div>\n<div class=\"cmsmasters_text\">\n<p>&nbsp;<\/p>\n<\/div>\n<div class=\"cmsmasters_text\">\n<p>&nbsp;<\/p>\n<\/div>\n<div class=\"cmsmasters_text\">\n<p>&nbsp;<\/p>\n<\/div>\n<div class=\"cmsmasters_text\">\n<p>&nbsp;<\/p>\n<\/div>\n<div class=\"cmsmasters_text\">\n<p>&nbsp;<\/p>\n<\/div>\n<div class=\"cmsmasters_text\">\n<p>&nbsp;<\/p>\n<\/div>\n<div class=\"cmsmasters_text\">\n<p>&nbsp;<\/p>\n<\/div>\n\n<div id=\"cmsmasters_divider_69e8ded4149d60_30537422\" class=\"cmsmasters_divider cmsmasters_divider_width_long cmsmasters_divider_pos_center\"><\/div>\n<\/div>\n<\/div>\n<\/div>\n<\/div>\n<\/div>\n<\/div>\n<div id=\"cmsmasters_row_69e8ded414abd1_77304034\" class=\"cmsmasters_row cmsmasters_color_scheme_default solicita-blanc cmsmasters_row_top_default cmsmasters_row_bot_default cmsmasters_row_fullwidth\">\n<div class=\"cmsmasters_row_outer_parent\">\n<div class=\"cmsmasters_row_outer\">\n<div class=\"cmsmasters_row_inner cmsmasters_row_fullwidth\">\n<div class=\"cmsmasters_row_margin\">\n<div class=\"cmsmasters_column one_first\">\n\n<div id=\"cmsmasters_button_69e8ded414e511_68912346\" class=\"button_wrap\"><a href=\"http:\/\/www.innerserveis.com\/es\/solicita-presupuesto\/\" class=\"cmsmasters_button cmsmasters_but_clear_styles cmsmasters_but_bg_hover\"><span>Solicita Presupuesto<\/span><\/a><\/div>\n<\/div>\n<\/div>\n<\/div>\n<\/div>\n<\/div>\n<\/div>\n<div id=\"cmsmasters_row_69e8ded414f492_64722275\" class=\"cmsmasters_row cmsmasters_color_scheme_default serveis-complementaris-box cmsmasters_row_top_default cmsmasters_row_bot_default cmsmasters_row_boxed\">\n<div class=\"cmsmasters_row_outer_parent\">\n<div class=\"cmsmasters_row_outer\">\n<div class=\"cmsmasters_row_inner\">\n<div class=\"cmsmasters_row_margin\">\n<div class=\"cmsmasters_column one_third\">\n<div class=\"aligncenter\">\n<div class=\"cmsmasters_img  cmsmasters_image_c img-complementari\">\n<a href=\"#\"><img decoding=\"async\" src=\"https:\/\/www.innerserveis.com\/wp-content\/uploads\/2017\/02\/1_0000_Capa-3.png\" alt=\"Servei de substituci\u00f3 de personal de neteja\" \/><\/a>\n<\/div>\n<\/div>\n\n<div id=\"cmsmasters_divider_69e8ded41598d9_84312663\" class=\"cl\"><\/div>\n<div id=\"cmsmasters_heading_69e8ded415a7b3_30162430\" class=\"cmsmasters_heading_wrap cmsmasters_heading_align_center\">\n\t<h5 class=\"cmsmasters_heading\"><a href=\"#\">Servicio de sustituci\u00f3n de personal de limpieza<\/a><\/h5>\n<\/div>\n<div id=\"cmsmasters_button_69e8ded415b752_08788456\" class=\"button_wrap\"><a href=\"#\" class=\"cmsmasters_button\"><span>M\u00e1s informaci\u00f3n<\/span><\/a><\/div>\n<\/div>\n<div class=\"cmsmasters_column one_third\">\n<div class=\"aligncenter\">\n<div class=\"cmsmasters_img  cmsmasters_image_c img-complementari\">\n<img decoding=\"async\" src=\"https:\/\/www.innerserveis.com\/wp-content\/uploads\/2017\/02\/0_0007_neteja-vidres.jpg.png\" alt=\"Neteja de Vidres\" \/>\n<\/div>\n<\/div>\n\n<div id=\"cmsmasters_divider_69e8ded4162320_84139426\" class=\"cl\"><\/div>\n<div id=\"cmsmasters_heading_69e8ded4162ff0_64799957\" class=\"cmsmasters_heading_wrap cmsmasters_heading_align_center\">\n\t<h5 class=\"cmsmasters_heading\"><a href=\"#\">Limpieza de Cristales<\/a><\/h5>\n<\/div>\n<div id=\"cmsmasters_button_69e8ded4163df2_31163252\" class=\"button_wrap\"><a href=\"#\" class=\"cmsmasters_button\"><span>M\u00e1s informaci\u00f3n<\/span><\/a><\/div>\n<\/div>\n<div class=\"cmsmasters_column one_third\">\n<div class=\"aligncenter\">\n<div class=\"cmsmasters_img  cmsmasters_image_c img-complementari\">\n<img decoding=\"async\" src=\"https:\/\/www.innerserveis.com\/wp-content\/uploads\/2017\/02\/0_0014_tractament-terres.jpg.png\" alt=\"Tractament de terres\" \/>\n<\/div>\n<\/div>\n\n<div id=\"cmsmasters_divider_69e8ded4168db4_91167153\" class=\"cl\"><\/div>\n<div id=\"cmsmasters_heading_69e8ded4169943_53669955\" class=\"cmsmasters_heading_wrap cmsmasters_heading_align_center\">\n\t<h5 class=\"cmsmasters_heading\"><a href=\"#\">Tratamiento de suelos<\/a><\/h5>\n<\/div>\n<div id=\"cmsmasters_button_69e8ded416a5e6_95312737\" class=\"button_wrap\"><a href=\"#\" class=\"cmsmasters_button\"><span>M\u00e1s informaci\u00f3n<\/span><\/a><\/div>\n<\/div>\n<\/div>\n<\/div>\n<\/div>\n<\/div>\n<\/div>\n\n","protected":false},"excerpt":{"rendered":"","protected":false},"author":1,"featured_media":0,"parent":447,"menu_order":0,"comment_status":"closed","ping_status":"closed","template":"","meta":{"footnotes":""},"class_list":["post-448","page","type-page","status-publish","hentry"],"yoast_head":"<!-- This site is optimized with the Yoast SEO plugin v27.3 - https:\/\/yoast.com\/product\/yoast-seo-wordpress\/ -->\n<title>Otros servicios - Inner Serveis<\/title>\n<meta name=\"description\" content=\"Otros servicios: Limpieza de apartamentos tur\u00edsticos, limpiezas puntuales, limpieza a medida, de final de obra, tratamiento de suelos...\" \/>\n<meta name=\"robots\" content=\"index, follow, max-snippet:-1, max-image-preview:large, max-video-preview:-1\" \/>\n<link rel=\"canonical\" href=\"https:\/\/www.innerserveis.com\/serveis\/altres-serveis\/\" \/>\n<meta property=\"og:locale\" content=\"es_ES\" \/>\n<meta property=\"og:type\" content=\"article\" \/>\n<meta property=\"og:title\" content=\"Otros servicios - Inner Serveis\" \/>\n<meta property=\"og:description\" content=\"Otros servicios: Limpieza de apartamentos tur\u00edsticos, limpiezas puntuales, limpieza a medida, de final de obra, tratamiento de suelos...\" \/>\n<meta property=\"og:url\" content=\"https:\/\/www.innerserveis.com\/serveis\/altres-serveis\/\" \/>\n<meta property=\"og:site_name\" content=\"Inner Serveis\" \/>\n<meta property=\"article:modified_time\" content=\"2017-03-03T08:00:44+00:00\" \/>\n<meta name=\"twitter:card\" content=\"summary_large_image\" \/>\n<meta name=\"twitter:label1\" content=\"Tiempo de lectura\" \/>\n\t<meta name=\"twitter:data1\" content=\"7 minutos\" \/>\n<script type=\"application\/ld+json\" class=\"yoast-schema-graph\">{\"@context\":\"https:\\\/\\\/schema.org\",\"@graph\":[{\"@type\":\"WebPage\",\"@id\":\"https:\\\/\\\/www.innerserveis.com\\\/serveis\\\/altres-serveis\\\/\",\"url\":\"https:\\\/\\\/www.innerserveis.com\\\/serveis\\\/altres-serveis\\\/\",\"name\":\"Otros servicios - Inner Serveis\",\"isPartOf\":{\"@id\":\"https:\\\/\\\/www.innerserveis.com\\\/#website\"},\"datePublished\":\"2017-02-23T22:01:01+00:00\",\"dateModified\":\"2017-03-03T08:00:44+00:00\",\"description\":\"Otros servicios: Limpieza de apartamentos tur\u00edsticos, limpiezas puntuales, limpieza a medida, de final de obra, tratamiento de suelos...\",\"breadcrumb\":{\"@id\":\"https:\\\/\\\/www.innerserveis.com\\\/serveis\\\/altres-serveis\\\/#breadcrumb\"},\"inLanguage\":\"es\",\"potentialAction\":[{\"@type\":\"ReadAction\",\"target\":[\"https:\\\/\\\/www.innerserveis.com\\\/serveis\\\/altres-serveis\\\/\"]}]},{\"@type\":\"BreadcrumbList\",\"@id\":\"https:\\\/\\\/www.innerserveis.com\\\/serveis\\\/altres-serveis\\\/#breadcrumb\",\"itemListElement\":[{\"@type\":\"ListItem\",\"position\":1,\"name\":\"Inici\",\"item\":\"https:\\\/\\\/www.innerserveis.com\\\/es\\\/\"},{\"@type\":\"ListItem\",\"position\":2,\"name\":\"Servicios\",\"item\":\"https:\\\/\\\/www.innerserveis.com\\\/serveis\\\/\"},{\"@type\":\"ListItem\",\"position\":3,\"name\":\"Otros servicios\"}]},{\"@type\":\"WebSite\",\"@id\":\"https:\\\/\\\/www.innerserveis.com\\\/#website\",\"url\":\"https:\\\/\\\/www.innerserveis.com\\\/\",\"name\":\"Inner Serveis\",\"description\":\"Neteges a Empreses i a Particulars\",\"potentialAction\":[{\"@type\":\"SearchAction\",\"target\":{\"@type\":\"EntryPoint\",\"urlTemplate\":\"https:\\\/\\\/www.innerserveis.com\\\/?s={search_term_string}\"},\"query-input\":{\"@type\":\"PropertyValueSpecification\",\"valueRequired\":true,\"valueName\":\"search_term_string\"}}],\"inLanguage\":\"es\"}]}<\/script>\n<!-- \/ Yoast SEO plugin. -->","yoast_head_json":{"title":"Otros servicios - Inner Serveis","description":"Otros servicios: Limpieza de apartamentos tur\u00edsticos, limpiezas puntuales, limpieza a medida, de final de obra, tratamiento de suelos...","robots":{"index":"index","follow":"follow","max-snippet":"max-snippet:-1","max-image-preview":"max-image-preview:large","max-video-preview":"max-video-preview:-1"},"canonical":"https:\/\/www.innerserveis.com\/serveis\/altres-serveis\/","og_locale":"es_ES","og_type":"article","og_title":"Otros servicios - Inner Serveis","og_description":"Otros servicios: Limpieza de apartamentos tur\u00edsticos, limpiezas puntuales, limpieza a medida, de final de obra, tratamiento de suelos...","og_url":"https:\/\/www.innerserveis.com\/serveis\/altres-serveis\/","og_site_name":"Inner Serveis","article_modified_time":"2017-03-03T08:00:44+00:00","twitter_card":"summary_large_image","twitter_misc":{"Tiempo de lectura":"7 minutos"},"schema":{"@context":"https:\/\/schema.org","@graph":[{"@type":"WebPage","@id":"https:\/\/www.innerserveis.com\/serveis\/altres-serveis\/","url":"https:\/\/www.innerserveis.com\/serveis\/altres-serveis\/","name":"Otros servicios - Inner Serveis","isPartOf":{"@id":"https:\/\/www.innerserveis.com\/#website"},"datePublished":"2017-02-23T22:01:01+00:00","dateModified":"2017-03-03T08:00:44+00:00","description":"Otros servicios: Limpieza de apartamentos tur\u00edsticos, limpiezas puntuales, limpieza a medida, de final de obra, tratamiento de suelos...","breadcrumb":{"@id":"https:\/\/www.innerserveis.com\/serveis\/altres-serveis\/#breadcrumb"},"inLanguage":"es","potentialAction":[{"@type":"ReadAction","target":["https:\/\/www.innerserveis.com\/serveis\/altres-serveis\/"]}]},{"@type":"BreadcrumbList","@id":"https:\/\/www.innerserveis.com\/serveis\/altres-serveis\/#breadcrumb","itemListElement":[{"@type":"ListItem","position":1,"name":"Inici","item":"https:\/\/www.innerserveis.com\/es\/"},{"@type":"ListItem","position":2,"name":"Servicios","item":"https:\/\/www.innerserveis.com\/serveis\/"},{"@type":"ListItem","position":3,"name":"Otros servicios"}]},{"@type":"WebSite","@id":"https:\/\/www.innerserveis.com\/#website","url":"https:\/\/www.innerserveis.com\/","name":"Inner Serveis","description":"Neteges a Empreses i a Particulars","potentialAction":[{"@type":"SearchAction","target":{"@type":"EntryPoint","urlTemplate":"https:\/\/www.innerserveis.com\/?s={search_term_string}"},"query-input":{"@type":"PropertyValueSpecification","valueRequired":true,"valueName":"search_term_string"}}],"inLanguage":"es"}]}},"_links":{"self":[{"href":"https:\/\/www.innerserveis.com\/es\/wp-json\/wp\/v2\/pages\/448","targetHints":{"allow":["GET"]}}],"collection":[{"href":"https:\/\/www.innerserveis.com\/es\/wp-json\/wp\/v2\/pages"}],"about":[{"href":"https:\/\/www.innerserveis.com\/es\/wp-json\/wp\/v2\/types\/page"}],"author":[{"embeddable":true,"href":"https:\/\/www.innerserveis.com\/es\/wp-json\/wp\/v2\/users\/1"}],"replies":[{"embeddable":true,"href":"https:\/\/www.innerserveis.com\/es\/wp-json\/wp\/v2\/comments?post=448"}],"version-history":[{"count":19,"href":"https:\/\/www.innerserveis.com\/es\/wp-json\/wp\/v2\/pages\/448\/revisions"}],"predecessor-version":[{"id":587,"href":"https:\/\/www.innerserveis.com\/es\/wp-json\/wp\/v2\/pages\/448\/revisions\/587"}],"up":[{"embeddable":true,"href":"https:\/\/www.innerserveis.com\/es\/wp-json\/wp\/v2\/pages\/447"}],"wp:attachment":[{"href":"https:\/\/www.innerserveis.com\/es\/wp-json\/wp\/v2\/media?parent=448"}],"curies":[{"name":"wp","href":"https:\/\/api.w.org\/{rel}","templated":true}]}}