{"id":451,"date":"2017-02-23T22:59:54","date_gmt":"2017-02-23T21:59:54","guid":{"rendered":"http:\/\/www.innerserveis.com\/serveis\/comunitats-de-veins\/"},"modified":"2017-03-03T09:06:28","modified_gmt":"2017-03-03T08:06:28","slug":"comunidad-de-vecinos","status":"publish","type":"page","link":"https:\/\/www.innerserveis.com\/es\/servicios\/comunidad-de-vecinos\/","title":{"rendered":"Comunidad de vecinos"},"content":{"rendered":"<style type=\"text\/css\"> \n#cmsmasters_row_69e8c50b832865_65957585 .cmsmasters_row_outer_parent { \n\tpadding-top: 0px; \n} \n\n#cmsmasters_row_69e8c50b832865_65957585 .cmsmasters_row_outer_parent { \n\tpadding-bottom: 35px; \n} \n\n \n\n#cmsmasters_fb_69e8c50b8357c2_73777021 { \n\tpadding-top:0px; \n\tpadding-bottom:0px; \n\tbackground-image: url(https:\/\/www.innerserveis.com\/wp-content\/uploads\/2017\/02\/comunitat-veins.png); \n\tbackground-position: top center; \n\tbackground-repeat: no-repeat; \n\tbackground-attachment: scroll; \n\tbackground-size: cover; \n} \n\n#cmsmasters_fb_69e8c50b8357c2_73777021 .featured_block_inner { \n\twidth: 40%; \n\tpadding: 45px; \n\ttext-align: left; \n\tfloat:left; \n\tbackground-color:rgba(0,125,172,0.4);\n} \n\n#cmsmasters_fb_69e8c50b8357c2_73777021 .featured_block_text { \n\ttext-align: left; \n} \n\n \n#cmsmasters_row_69e8c50b83aaf9_92600782 { \n\tbackground-color:#007dac;\n} \n\n#cmsmasters_row_69e8c50b83aaf9_92600782 .cmsmasters_row_outer_parent { \n\tpadding-top: 0px; \n} \n\n#cmsmasters_row_69e8c50b83aaf9_92600782 .cmsmasters_row_outer_parent { \n\tpadding-bottom: 20px; \n} \n\n#cmsmasters_row_69e8c50b83aaf9_92600782 .cmsmasters_row_inner.cmsmasters_row_fullwidth { \n\tpadding-left:3%; \n} \n#cmsmasters_row_69e8c50b83aaf9_92600782 .cmsmasters_row_inner.cmsmasters_row_fullwidth { \n\tpadding-right:3%; \n} \n\n#cmsmasters_button_69e8c50b83cfd9_57426180 { \n\ttext-align:center; \n} \n\n#cmsmasters_button_69e8c50b83cfd9_57426180 .cmsmasters_button:before { \n\tmargin-right:.5em; \n\tmargin-left:0; \n\tvertical-align:baseline; \n} \n\n#cmsmasters_button_69e8c50b83cfd9_57426180 .cmsmasters_button { \n\tfont-size:21px; \n\tline-height:50px; \n\tfont-weight:400; \n\tfont-style:normal; \n\tpadding-right:35px; \n\tpadding-left:35px; \n\tborder-style:solid; \n\t-webkit-border-radius:5px; \n\tborder-radius:5px; \n\tbackground-color:rgba(255,255,255,0);\n\tcolor:#ffffff;\n\tborder-color:#ffffff;\n} \n#cmsmasters_button_69e8c50b83cfd9_57426180 .cmsmasters_button:hover { \n\tbackground-color:rgba(255,255,255,0.16);\n\tcolor:#ffffff;\n} \n \n#cmsmasters_row_69e8c50b83e089_56829261 { \n\tbackground-image: url(https:\/\/www.innerserveis.com\/wp-content\/uploads\/2017\/02\/fons-home.png); \n\tbackground-position: top center; \n\tbackground-repeat: no-repeat; \n\tbackground-attachment: scroll; \n\tbackground-size: cover; \n} \n\n#cmsmasters_row_69e8c50b83e089_56829261 .cmsmasters_row_outer_parent { \n\tpadding-top: 0px; \n} \n\n#cmsmasters_row_69e8c50b83e089_56829261 .cmsmasters_row_outer_parent { \n\tpadding-bottom: 40px; \n} \n\n \n#cmsmasters_divider_69e8c50b846d68_61946861 { \n\tborder-bottom-width:0px; \n\tborder-bottom-style:solid; \n\tpadding-top:10px; \n\tmargin-bottom:5px; \n} \n \n#cmsmasters_heading_69e8c50b8479a0_67794898 { \n\ttext-align:center; \n\tmargin-top:0px; \n\tmargin-bottom:10px; \n} \n\n#cmsmasters_heading_69e8c50b8479a0_67794898 .cmsmasters_heading { \n\ttext-align:center; \n} \n\n#cmsmasters_heading_69e8c50b8479a0_67794898 .cmsmasters_heading, #cmsmasters_heading_69e8c50b8479a0_67794898 .cmsmasters_heading a { \n\tfont-weight:normal; \n\tfont-style:normal; \n} \n\n#cmsmasters_heading_69e8c50b8479a0_67794898 .cmsmasters_heading_divider { \n} \n\n\n#cmsmasters_button_69e8c50b848618_44532891 { \n\ttext-align:center; \n} \n\n#cmsmasters_button_69e8c50b848618_44532891 .cmsmasters_button:before { \n\tmargin-right:.5em; \n\tmargin-left:0; \n\tvertical-align:baseline; \n} \n\n#cmsmasters_button_69e8c50b848618_44532891 .cmsmasters_button { \n\tfont-weight:normal; \n\tfont-style:normal; \n\tborder-style:solid; \n} \n#cmsmasters_button_69e8c50b848618_44532891 .cmsmasters_button:hover { \n} \n \n#cmsmasters_divider_69e8c50b84d235_09696985 { \n\tborder-bottom-width:0px; \n\tborder-bottom-style:solid; \n\tpadding-top:10px; \n\tmargin-bottom:5px; \n} \n \n#cmsmasters_heading_69e8c50b84de27_36173623 { \n\ttext-align:center; \n\tmargin-top:0px; \n\tmargin-bottom:10px; \n} \n\n#cmsmasters_heading_69e8c50b84de27_36173623 .cmsmasters_heading { \n\ttext-align:center; \n} \n\n#cmsmasters_heading_69e8c50b84de27_36173623 .cmsmasters_heading, #cmsmasters_heading_69e8c50b84de27_36173623 .cmsmasters_heading a { \n\tfont-weight:normal; \n\tfont-style:normal; \n} \n\n#cmsmasters_heading_69e8c50b84de27_36173623 .cmsmasters_heading_divider { \n} \n\n\n#cmsmasters_button_69e8c50b84ea24_75165899 { \n\ttext-align:center; \n} \n\n#cmsmasters_button_69e8c50b84ea24_75165899 .cmsmasters_button:before { \n\tmargin-right:.5em; \n\tmargin-left:0; \n\tvertical-align:baseline; \n} \n\n#cmsmasters_button_69e8c50b84ea24_75165899 .cmsmasters_button { \n\tfont-weight:normal; \n\tfont-style:normal; \n\tborder-style:solid; \n} \n#cmsmasters_button_69e8c50b84ea24_75165899 .cmsmasters_button:hover { \n} \n \n#cmsmasters_divider_69e8c50b853236_42006368 { \n\tborder-bottom-width:0px; \n\tborder-bottom-style:solid; \n\tpadding-top:10px; \n\tmargin-bottom:5px; \n} \n \n#cmsmasters_heading_69e8c50b854252_97206747 { \n\ttext-align:center; \n\tmargin-top:0px; \n\tmargin-bottom:10px; \n} \n\n#cmsmasters_heading_69e8c50b854252_97206747 .cmsmasters_heading { \n\ttext-align:center; \n} \n\n#cmsmasters_heading_69e8c50b854252_97206747 .cmsmasters_heading, #cmsmasters_heading_69e8c50b854252_97206747 .cmsmasters_heading a { \n\tfont-weight:normal; \n\tfont-style:normal; \n} \n\n#cmsmasters_heading_69e8c50b854252_97206747 .cmsmasters_heading_divider { \n} \n\n\n#cmsmasters_button_69e8c50b8553e0_62698632 { \n\ttext-align:center; \n} \n\n#cmsmasters_button_69e8c50b8553e0_62698632 .cmsmasters_button:before { \n\tmargin-right:.5em; \n\tmargin-left:0; \n\tvertical-align:baseline; \n} \n\n#cmsmasters_button_69e8c50b8553e0_62698632 .cmsmasters_button { \n\tfont-weight:normal; \n\tfont-style:normal; \n\tborder-style:solid; \n} \n#cmsmasters_button_69e8c50b8553e0_62698632 .cmsmasters_button:hover { \n} \n<\/style><div id=\"cmsmasters_row_69e8c50b832865_65957585\" class=\"cmsmasters_row cmsmasters_color_scheme_default cmsmasters_row_top_default cmsmasters_row_bot_default cmsmasters_row_boxed\">\n<div class=\"cmsmasters_row_outer_parent\">\n<div class=\"cmsmasters_row_outer\">\n<div class=\"cmsmasters_row_inner\">\n<div class=\"cmsmasters_row_margin\">\n<div class=\"cmsmasters_column one_first\">\n<div id=\"cmsmasters_fb_69e8c50b8357c2_73777021\" class=\"cmsmasters_featured_block featured-services\">\n<div class=\"featured_block_inner\">\n<div class=\"featured_block_text\">\n<h2 style=\"color: #fff;\">Comunidad de vecinos<\/h2>\n<p>La <strong>Limpieza de las zonas comunes de los edificios de viviendas<\/strong> la llevamos a cabo de acuerdo con los requerimientos de cada comunidad.<\/p>\n<p>En funci\u00f3n de la dimensi\u00f3n del edificio, as\u00ed como tambi\u00e9n de sus espacios comunes, ejecutamos la limpieza con una frecuencia u otra.<\/p>\n<\/div>\n<\/div>\n<\/div>\n<\/div>\n<\/div>\n<\/div>\n<\/div>\n<\/div>\n<\/div>\n<div id=\"cmsmasters_row_69e8c50b83aaf9_92600782\" class=\"cmsmasters_row cmsmasters_color_scheme_default cmsmasters_row_top_default cmsmasters_row_bot_default cmsmasters_row_fullwidth\">\n<div class=\"cmsmasters_row_outer_parent\">\n<div class=\"cmsmasters_row_outer\">\n<div class=\"cmsmasters_row_inner cmsmasters_row_fullwidth\">\n<div class=\"cmsmasters_row_margin\">\n<div class=\"cmsmasters_column one_first\">\n\n<div id=\"cmsmasters_button_69e8c50b83cfd9_57426180\" class=\"button_wrap\"><a href=\"http:\/\/www.innerserveis.com\/es\/solicita-presupuesto\/\" class=\"cmsmasters_button cmsmasters_but_clear_styles cmsmasters_but_bg_hover\"><span>Solicita presupuesto<\/span><\/a><\/div>\n<\/div>\n<\/div>\n<\/div>\n<\/div>\n<\/div>\n<\/div>\n<div id=\"cmsmasters_row_69e8c50b83e089_56829261\" class=\"cmsmasters_row cmsmasters_color_scheme_default serveis-complementaris-box cmsmasters_row_top_default cmsmasters_row_bot_default cmsmasters_row_boxed\">\n<div class=\"cmsmasters_row_outer_parent\">\n<div class=\"cmsmasters_row_outer\">\n<div class=\"cmsmasters_row_inner\">\n<div class=\"cmsmasters_row_margin\">\n<div class=\"cmsmasters_column one_third\">\n<div class=\"aligncenter\">\n<div class=\"cmsmasters_img  cmsmasters_image_c img-complementari\">\n<a href=\"http:\/\/www.innerserveis.com\/serveis\/aparcaments\/\"><img decoding=\"async\" src=\"https:\/\/www.innerserveis.com\/wp-content\/uploads\/2017\/02\/aparcaments.png\" \/><\/a>\n<\/div>\n<\/div>\n\n<div id=\"cmsmasters_divider_69e8c50b846d68_61946861\" class=\"cl\"><\/div>\n<div id=\"cmsmasters_heading_69e8c50b8479a0_67794898\" class=\"cmsmasters_heading_wrap cmsmasters_heading_align_center\">\n\t<h5 class=\"cmsmasters_heading\"><a href=\"http:\/\/www.innerserveis.com\/es\/servicios\/aparcamientos\/\">Limpieza de parkings<\/a><\/h5>\n<\/div>\n<div id=\"cmsmasters_button_69e8c50b848618_44532891\" class=\"button_wrap\"><a href=\"http:\/\/www.innerserveis.com\/es\/servicios\/aparcamientos\/\" class=\"cmsmasters_button\"><span>M\u00e1s informaci\u00f3n<\/span><\/a><\/div>\n<\/div>\n<div class=\"cmsmasters_column one_third\">\n<div class=\"aligncenter\">\n<div class=\"cmsmasters_img  cmsmasters_image_c img-complementari\">\n<img decoding=\"async\" src=\"https:\/\/www.innerserveis.com\/wp-content\/uploads\/2017\/02\/0_0011_personal-neteja.jpg.png\" \/>\n<\/div>\n<\/div>\n\n<div id=\"cmsmasters_divider_69e8c50b84d235_09696985\" class=\"cl\"><\/div>\n<div id=\"cmsmasters_heading_69e8c50b84de27_36173623\" class=\"cmsmasters_heading_wrap cmsmasters_heading_align_center\">\n\t<h5 class=\"cmsmasters_heading\"><a href=\"http:\/\/www.innerserveis.com\/es\/servicios\/servicios-relacionados\/#serveis-relacionats\">Sustituci\u00f3n de personal de limpieza<\/a><\/h5>\n<\/div>\n<div id=\"cmsmasters_button_69e8c50b84ea24_75165899\" class=\"button_wrap\"><a href=\"http:\/\/www.innerserveis.com\/es\/servicios\/servicios-relacionados\/#serveis-relacionats\" class=\"cmsmasters_button\"><span>M\u00e1s informaci\u00f3n<\/span><\/a><\/div>\n<\/div>\n<div class=\"cmsmasters_column one_third\">\n<div class=\"aligncenter\">\n<div class=\"cmsmasters_img  cmsmasters_image_c img-complementari\">\n<a href=\"http:\/\/www.innerserveis.com\/serveis\/altres-serveis\/#altres-serveis-02\"><img decoding=\"async\" src=\"https:\/\/www.innerserveis.com\/wp-content\/uploads\/2017\/02\/0_0014_tractament-terres.jpg.png\" alt=\"Tractament de terres\" \/><\/a>\n<\/div>\n<\/div>\n\n<div id=\"cmsmasters_divider_69e8c50b853236_42006368\" class=\"cl\"><\/div>\n<div id=\"cmsmasters_heading_69e8c50b854252_97206747\" class=\"cmsmasters_heading_wrap cmsmasters_heading_align_center\">\n\t<h5 class=\"cmsmasters_heading\"><a href=\"http:\/\/www.innerserveis.com\/es\/servicios\/otros-servicios\/#altres-serveis-02\">Tratamiento de suelos<\/a><\/h5>\n<\/div>\n<div id=\"cmsmasters_button_69e8c50b8553e0_62698632\" class=\"button_wrap\"><a href=\"http:\/\/www.innerserveis.com\/es\/servicios\/otros-servicios\/#altres-serveis-02\" class=\"cmsmasters_button\"><span>M\u00e1s informaci\u00f3n<\/span><\/a><\/div>\n<\/div>\n<\/div>\n<\/div>\n<\/div>\n<\/div>\n<\/div>\n\n","protected":false},"excerpt":{"rendered":"","protected":false},"author":1,"featured_media":0,"parent":447,"menu_order":0,"comment_status":"closed","ping_status":"closed","template":"","meta":{"footnotes":""},"class_list":["post-451","page","type-page","status-publish","hentry"],"yoast_head":"<!-- This site is optimized with the Yoast SEO plugin v27.3 - https:\/\/yoast.com\/product\/yoast-seo-wordpress\/ -->\n<title>Comunidad de vecinos - Inner Serveis<\/title>\n<meta name=\"description\" content=\"Comunidades de vecinos: llevamos a cabo la limpieza de zonas comunes de los edificios de acuerdo con los requerimientos de cada comunidad.\" \/>\n<meta name=\"robots\" content=\"index, follow, max-snippet:-1, max-image-preview:large, max-video-preview:-1\" \/>\n<link rel=\"canonical\" href=\"https:\/\/www.innerserveis.com\/serveis\/comunitats-de-veins\/\" \/>\n<meta property=\"og:locale\" content=\"es_ES\" \/>\n<meta property=\"og:type\" content=\"article\" \/>\n<meta property=\"og:title\" content=\"Comunidad de vecinos - Inner Serveis\" \/>\n<meta property=\"og:description\" content=\"Comunidades de vecinos: llevamos a cabo la limpieza de zonas comunes de los edificios de acuerdo con los requerimientos de cada comunidad.\" \/>\n<meta property=\"og:url\" content=\"https:\/\/www.innerserveis.com\/serveis\/comunitats-de-veins\/\" \/>\n<meta property=\"og:site_name\" content=\"Inner Serveis\" \/>\n<meta property=\"article:modified_time\" content=\"2017-03-03T08:06:28+00:00\" \/>\n<meta name=\"twitter:card\" content=\"summary_large_image\" \/>\n<meta name=\"twitter:label1\" content=\"Tiempo de lectura\" \/>\n\t<meta name=\"twitter:data1\" content=\"3 minutos\" \/>\n<script type=\"application\/ld+json\" class=\"yoast-schema-graph\">{\"@context\":\"https:\\\/\\\/schema.org\",\"@graph\":[{\"@type\":\"WebPage\",\"@id\":\"https:\\\/\\\/www.innerserveis.com\\\/serveis\\\/comunitats-de-veins\\\/\",\"url\":\"https:\\\/\\\/www.innerserveis.com\\\/serveis\\\/comunitats-de-veins\\\/\",\"name\":\"Comunidad de vecinos - Inner Serveis\",\"isPartOf\":{\"@id\":\"https:\\\/\\\/www.innerserveis.com\\\/#website\"},\"datePublished\":\"2017-02-23T21:59:54+00:00\",\"dateModified\":\"2017-03-03T08:06:28+00:00\",\"description\":\"Comunidades de vecinos: llevamos a cabo la limpieza de zonas comunes de los edificios de acuerdo con los requerimientos de cada comunidad.\",\"breadcrumb\":{\"@id\":\"https:\\\/\\\/www.innerserveis.com\\\/serveis\\\/comunitats-de-veins\\\/#breadcrumb\"},\"inLanguage\":\"es\",\"potentialAction\":[{\"@type\":\"ReadAction\",\"target\":[\"https:\\\/\\\/www.innerserveis.com\\\/serveis\\\/comunitats-de-veins\\\/\"]}]},{\"@type\":\"BreadcrumbList\",\"@id\":\"https:\\\/\\\/www.innerserveis.com\\\/serveis\\\/comunitats-de-veins\\\/#breadcrumb\",\"itemListElement\":[{\"@type\":\"ListItem\",\"position\":1,\"name\":\"Inici\",\"item\":\"https:\\\/\\\/www.innerserveis.com\\\/es\\\/\"},{\"@type\":\"ListItem\",\"position\":2,\"name\":\"Servicios\",\"item\":\"https:\\\/\\\/www.innerserveis.com\\\/serveis\\\/\"},{\"@type\":\"ListItem\",\"position\":3,\"name\":\"Comunidad de vecinos\"}]},{\"@type\":\"WebSite\",\"@id\":\"https:\\\/\\\/www.innerserveis.com\\\/#website\",\"url\":\"https:\\\/\\\/www.innerserveis.com\\\/\",\"name\":\"Inner Serveis\",\"description\":\"Neteges a Empreses i a Particulars\",\"potentialAction\":[{\"@type\":\"SearchAction\",\"target\":{\"@type\":\"EntryPoint\",\"urlTemplate\":\"https:\\\/\\\/www.innerserveis.com\\\/?s={search_term_string}\"},\"query-input\":{\"@type\":\"PropertyValueSpecification\",\"valueRequired\":true,\"valueName\":\"search_term_string\"}}],\"inLanguage\":\"es\"}]}<\/script>\n<!-- \/ Yoast SEO plugin. -->","yoast_head_json":{"title":"Comunidad de vecinos - Inner Serveis","description":"Comunidades de vecinos: llevamos a cabo la limpieza de zonas comunes de los edificios de acuerdo con los requerimientos de cada comunidad.","robots":{"index":"index","follow":"follow","max-snippet":"max-snippet:-1","max-image-preview":"max-image-preview:large","max-video-preview":"max-video-preview:-1"},"canonical":"https:\/\/www.innerserveis.com\/serveis\/comunitats-de-veins\/","og_locale":"es_ES","og_type":"article","og_title":"Comunidad de vecinos - Inner Serveis","og_description":"Comunidades de vecinos: llevamos a cabo la limpieza de zonas comunes de los edificios de acuerdo con los requerimientos de cada comunidad.","og_url":"https:\/\/www.innerserveis.com\/serveis\/comunitats-de-veins\/","og_site_name":"Inner Serveis","article_modified_time":"2017-03-03T08:06:28+00:00","twitter_card":"summary_large_image","twitter_misc":{"Tiempo de lectura":"3 minutos"},"schema":{"@context":"https:\/\/schema.org","@graph":[{"@type":"WebPage","@id":"https:\/\/www.innerserveis.com\/serveis\/comunitats-de-veins\/","url":"https:\/\/www.innerserveis.com\/serveis\/comunitats-de-veins\/","name":"Comunidad de vecinos - Inner Serveis","isPartOf":{"@id":"https:\/\/www.innerserveis.com\/#website"},"datePublished":"2017-02-23T21:59:54+00:00","dateModified":"2017-03-03T08:06:28+00:00","description":"Comunidades de vecinos: llevamos a cabo la limpieza de zonas comunes de los edificios de acuerdo con los requerimientos de cada comunidad.","breadcrumb":{"@id":"https:\/\/www.innerserveis.com\/serveis\/comunitats-de-veins\/#breadcrumb"},"inLanguage":"es","potentialAction":[{"@type":"ReadAction","target":["https:\/\/www.innerserveis.com\/serveis\/comunitats-de-veins\/"]}]},{"@type":"BreadcrumbList","@id":"https:\/\/www.innerserveis.com\/serveis\/comunitats-de-veins\/#breadcrumb","itemListElement":[{"@type":"ListItem","position":1,"name":"Inici","item":"https:\/\/www.innerserveis.com\/es\/"},{"@type":"ListItem","position":2,"name":"Servicios","item":"https:\/\/www.innerserveis.com\/serveis\/"},{"@type":"ListItem","position":3,"name":"Comunidad de vecinos"}]},{"@type":"WebSite","@id":"https:\/\/www.innerserveis.com\/#website","url":"https:\/\/www.innerserveis.com\/","name":"Inner Serveis","description":"Neteges a Empreses i a Particulars","potentialAction":[{"@type":"SearchAction","target":{"@type":"EntryPoint","urlTemplate":"https:\/\/www.innerserveis.com\/?s={search_term_string}"},"query-input":{"@type":"PropertyValueSpecification","valueRequired":true,"valueName":"search_term_string"}}],"inLanguage":"es"}]}},"_links":{"self":[{"href":"https:\/\/www.innerserveis.com\/es\/wp-json\/wp\/v2\/pages\/451","targetHints":{"allow":["GET"]}}],"collection":[{"href":"https:\/\/www.innerserveis.com\/es\/wp-json\/wp\/v2\/pages"}],"about":[{"href":"https:\/\/www.innerserveis.com\/es\/wp-json\/wp\/v2\/types\/page"}],"author":[{"embeddable":true,"href":"https:\/\/www.innerserveis.com\/es\/wp-json\/wp\/v2\/users\/1"}],"replies":[{"embeddable":true,"href":"https:\/\/www.innerserveis.com\/es\/wp-json\/wp\/v2\/comments?post=451"}],"version-history":[{"count":6,"href":"https:\/\/www.innerserveis.com\/es\/wp-json\/wp\/v2\/pages\/451\/revisions"}],"predecessor-version":[{"id":559,"href":"https:\/\/www.innerserveis.com\/es\/wp-json\/wp\/v2\/pages\/451\/revisions\/559"}],"up":[{"embeddable":true,"href":"https:\/\/www.innerserveis.com\/es\/wp-json\/wp\/v2\/pages\/447"}],"wp:attachment":[{"href":"https:\/\/www.innerserveis.com\/es\/wp-json\/wp\/v2\/media?parent=451"}],"curies":[{"name":"wp","href":"https:\/\/api.w.org\/{rel}","templated":true}]}}